{"id":1680,"date":"2022-01-30T20:08:02","date_gmt":"2022-01-30T19:08:02","guid":{"rendered":"https:\/\/www.vinomen.at\/?post_type=product&#038;p=1680"},"modified":"2025-12-01T19:09:42","modified_gmt":"2025-12-01T18:09:42","slug":"x-white-magnum-2","status":"publish","type":"product","link":"https:\/\/www.vinomen.at\/en\/product\/x-white-magnum-2\/","title":{"rendered":"X WHITE Magnum"},"content":{"rendered":"<section class=\"wpb-content-wrapper\"><div class=\"vc_row wpb_row vc_row-fluid vc_custom_1460727920666 vc_row-has-fill vc_row-o-content-middle vc_row-flex\"><div class=\"wpb_column vc_column_container vc_col-sm-12 vc_col-lg-6 vc_col-md-6\"><div class=\"vc_column-inner vc_custom_1460636569719\"><div class=\"wpb_wrapper\">\n\t<div class=\"title-subtitle-box\" style=\" text-align: left;\">\n\t\t<p  style=\"\">Wine specs<\/p>\n\t\t<h1 style=\" font-style: normal;\">Tasting notes<\/h1>\n\t<\/div> \n\t<div class=\"wpb_text_column wpb_content_element  vc_custom_1593891631783\" >\n\t\t<div class=\"wpb_wrapper\">\n\t\t\t<p>Biologisch ausgebaut, spontan im Edelstahltank vergoren, 30 % gereift im kleinen franz\u00f6sischen Holzfass, 6 Monate auf der Feinhefe. Der Wein wird reif Mitte September handgelesen und bleibt bis Juli im Fass.<\/p>\n\n\t\t<\/div>\n\t<\/div>\n<\/div><\/div><\/div><div class=\"wpb_column vc_column_container vc_col-sm-12 vc_col-lg-6 vc_col-md-6 vc_hidden-sm vc_hidden-xs\"><div class=\"vc_column-inner vc_custom_1460635864072\"><div class=\"wpb_wrapper\">\n\t<div  class=\"wpb_single_image wpb_content_element vc_align_left  vc_custom_1469109337733\">\n\t\t\n\t\t<figure class=\"wpb_wrapper vc_figure\">\n\t\t\t<div class=\"vc_single_image-wrapper   vc_box_border_grey\"><img loading=\"lazy\" decoding=\"async\" width=\"1170\" height=\"1400\" src=\"https:\/\/www.vinomen.at\/wp-content\/uploads\/2016\/03\/product-img-1-11-17.jpg\" class=\"vc_single_image-img attachment-full\" alt=\"\" title=\"product-img-1\" srcset=\"https:\/\/www.vinomen.at\/wp-content\/uploads\/2016\/03\/product-img-1-11-17.jpg 1170w, https:\/\/www.vinomen.at\/wp-content\/uploads\/2016\/03\/product-img-1-11-17-251x300.jpg 251w, https:\/\/www.vinomen.at\/wp-content\/uploads\/2016\/03\/product-img-1-11-17-856x1024.jpg 856w, https:\/\/www.vinomen.at\/wp-content\/uploads\/2016\/03\/product-img-1-11-17-768x919.jpg 768w\" sizes=\"auto, (max-width: 1170px) 100vw, 1170px\" \/><\/div>\n\t\t<\/figure>\n\t<\/div>\n<\/div><\/div><\/div><\/div><div class=\"vc_row wpb_row vc_row-fluid vc_custom_1460727927848 vc_row-has-fill vc_row-o-content-middle vc_row-flex\"><div class=\"wpb_column vc_column_container vc_col-sm-12 vc_col-lg-6 vc_col-md-6 vc_hidden-sm vc_hidden-xs\"><div class=\"vc_column-inner vc_custom_1460635871252\"><div class=\"wpb_wrapper\">\n\t<div  class=\"wpb_single_image wpb_content_element vc_align_left  vc_custom_1469109351319\">\n\t\t\n\t\t<figure class=\"wpb_wrapper vc_figure\">\n\t\t\t<div class=\"vc_single_image-wrapper   vc_box_border_grey\"><\/div>\n\t\t<\/figure>\n\t<\/div>\n<\/div><\/div><\/div><div class=\"wpb_column vc_column_container vc_col-sm-12 vc_col-lg-6 vc_col-md-6\"><div class=\"vc_column-inner vc_custom_1460636579755\"><div class=\"wpb_wrapper\">\n\t<div class=\"title-subtitle-box\" style=\" text-align: left;\">\n\t\t<p  style=\"\">Wine specs<\/p>\n\t\t<h1 style=\" font-style: normal;\">Food pairing notes<\/h1>\n\t<\/div> \n\t<div class=\"wpb_text_column wpb_content_element\" >\n\t\t<div class=\"wpb_wrapper\">\n\t\t\t<p>Unser <strong>Vinomen WHITE<\/strong> passt gut zu w\u00fcrziger, deftiger und auch asiatischer K\u00fcche. Der Rotgipfler als Speisenbegleiter\u00a0ist eine exzellente Alternative zum Chardonnay.<\/p>\n\n\t\t<\/div>\n\t<\/div>\n<\/div><\/div><\/div><\/div><div class=\"vc_row wpb_row vc_row-fluid vc_custom_1460727935440 vc_row-has-fill vc_row-o-content-middle vc_row-flex\"><div class=\"wpb_column vc_column_container vc_col-sm-12 vc_col-lg-6 vc_col-md-6\"><div class=\"vc_column-inner vc_custom_1460636587092\"><div class=\"wpb_wrapper\">\n\t<div class=\"title-subtitle-box\" style=\" text-align: left;\">\n\t\t<p  style=\"\">Wine specs<\/p>\n\t\t<h1 style=\" font-style: normal;\">Winemaker notes<\/h1>\n\t<\/div> \n\t<div class=\"wpb_text_column wpb_content_element\" >\n\t\t<div class=\"wpb_wrapper\">\n\t\t\t<p>Der Rotgipfler ist eine Kreuzung aus Traminer und Rotem Veltliner und ist mit dem \u00a0Gr\u00fcner Veltliner verwandt. Charakteristisch sind die r\u00f6tlich-bronzierten Triebspitzen der Rebe. Die Sortenspezialit\u00e4t ist fast nur in der Thermenregion anzutreffen.<\/p>\n<p>Rotgipfler ist extraktreich und besitzt eine feingliedrige S\u00e4ure. Das Bouquet besteht aus Melone, Mango, exotischer Frucht und saftiger Birne. Der Wein eignet sich durch den hohen Alkohol- und Zuckeranteil perfekt f\u00fcr die Reifung. Dazu entwickeln sich Nuancen von Bratapfel und R\u00f6stnoten.<\/p>\n\n\t\t<\/div>\n\t<\/div>\n<\/div><\/div><\/div><div class=\"wpb_column vc_column_container vc_col-sm-12 vc_col-lg-6 vc_col-md-6 vc_hidden-sm vc_hidden-xs\"><div class=\"vc_column-inner vc_custom_1460635878309\"><div class=\"wpb_wrapper\">\n\t<div  class=\"wpb_single_image wpb_content_element vc_align_left  vc_custom_1469109362921\">\n\t\t\n\t\t<figure class=\"wpb_wrapper vc_figure\">\n\t\t\t<div class=\"vc_single_image-wrapper   vc_box_border_grey\"><img loading=\"lazy\" decoding=\"async\" width=\"1170\" height=\"1400\" src=\"https:\/\/www.vinomen.at\/wp-content\/uploads\/2016\/03\/product-img-3-11-17.jpg\" class=\"vc_single_image-img attachment-full\" alt=\"\" title=\"product-img-3\" srcset=\"https:\/\/www.vinomen.at\/wp-content\/uploads\/2016\/03\/product-img-3-11-17.jpg 1170w, https:\/\/www.vinomen.at\/wp-content\/uploads\/2016\/03\/product-img-3-11-17-251x300.jpg 251w, https:\/\/www.vinomen.at\/wp-content\/uploads\/2016\/03\/product-img-3-11-17-856x1024.jpg 856w, https:\/\/www.vinomen.at\/wp-content\/uploads\/2016\/03\/product-img-3-11-17-768x919.jpg 768w\" sizes=\"auto, (max-width: 1170px) 100vw, 1170px\" \/><\/div>\n\t\t<\/figure>\n\t<\/div>\n<\/div><\/div><\/div><\/div>\n<\/section>","protected":false},"excerpt":{"rendered":"<p><strong>Vinomen WHITE.<\/strong><\/p>\n<p>Rotgipfler 30% im kleinen franz\u00f6sischen Holz\u00a0als autochthone Rebsorte nur in der Thermenregion ans\u00e4ssig, bietet die beste Voraussetzung f\u00fcr unsere Qualit\u00e4tsanspr\u00fcche in jeglicher Hinsicht. M\u00e4chtig, kraftvoll mit eleganter S\u00e4ure und feinem Bukett.<\/p>","protected":false},"featured_media":1761,"comment_status":"open","ping_status":"closed","template":"","meta":[],"product_brand":[],"product_cat":[20],"product_tag":[24,25,29,32,21],"class_list":{"0":"post-1680","1":"product","2":"type-product","3":"status-publish","4":"has-post-thumbnail","6":"product_cat-white-wines","7":"product_tag-rotgipfler","8":"product_tag-thermenregion","9":"product_tag-wein","10":"product_tag-weiswein","11":"product_tag-wine","13":"first","14":"instock","15":"shipping-taxable","16":"purchasable","17":"product-type-simple"},"acf":[],"yoast_head":"<!-- This site is optimized with the Yoast SEO plugin v27.4 - https:\/\/yoast.com\/product\/yoast-seo-wordpress\/ -->\n<title>X WHITE Magnum - VINOMEN \u2013 MUST HAVE.<\/title>\n<meta name=\"robots\" content=\"index, follow, max-snippet:-1, max-image-preview:large, max-video-preview:-1\" \/>\n<link rel=\"canonical\" href=\"https:\/\/www.vinomen.at\/en\/product\/x-white-magnum-2\/\" \/>\n<meta property=\"og:locale\" content=\"en_GB\" \/>\n<meta property=\"og:type\" content=\"article\" \/>\n<meta property=\"og:title\" content=\"X WHITE Magnum - VINOMEN \u2013 MUST HAVE.\" \/>\n<meta property=\"og:description\" content=\"Vinomen WHITE.  Rotgipfler 30% im kleinen franz\u00f6sischen Holz\u00a0als autochthone Rebsorte nur in der Thermenregion ans\u00e4ssig, bietet die beste Voraussetzung f\u00fcr unsere Qualit\u00e4tsanspr\u00fcche in jeglicher Hinsicht. M\u00e4chtig, kraftvoll mit eleganter S\u00e4ure und feinem Bukett.\" \/>\n<meta property=\"og:url\" content=\"https:\/\/www.vinomen.at\/en\/product\/x-white-magnum-2\/\" \/>\n<meta property=\"og:site_name\" content=\"VINOMEN \u2013 MUST HAVE.\" \/>\n<meta property=\"article:publisher\" content=\"https:\/\/www.facebook.com\/vinomen.wine\" \/>\n<meta property=\"article:modified_time\" content=\"2025-12-01T18:09:42+00:00\" \/>\n<meta property=\"og:image\" content=\"https:\/\/www.vinomen.at\/wp-content\/uploads\/2022\/01\/vinomen-4-scaled.jpg\" \/>\n\t<meta property=\"og:image:width\" content=\"1707\" \/>\n\t<meta property=\"og:image:height\" content=\"2560\" \/>\n\t<meta property=\"og:image:type\" content=\"image\/jpeg\" \/>\n<meta name=\"twitter:card\" content=\"summary_large_image\" \/>\n<meta name=\"twitter:label1\" content=\"Estimated reading time\" \/>\n\t<meta name=\"twitter:data1\" content=\"2 minutes\" \/>\n<script type=\"application\/ld+json\" class=\"yoast-schema-graph\">{\"@context\":\"https:\\\/\\\/schema.org\",\"@graph\":[{\"@type\":\"WebPage\",\"@id\":\"https:\\\/\\\/www.vinomen.at\\\/product\\\/x-white-magnum-2\\\/\",\"url\":\"https:\\\/\\\/www.vinomen.at\\\/product\\\/x-white-magnum-2\\\/\",\"name\":\"X WHITE Magnum - VINOMEN \u2013 MUST HAVE.\",\"isPartOf\":{\"@id\":\"https:\\\/\\\/www.vinomen.at\\\/#website\"},\"primaryImageOfPage\":{\"@id\":\"https:\\\/\\\/www.vinomen.at\\\/product\\\/x-white-magnum-2\\\/#primaryimage\"},\"image\":{\"@id\":\"https:\\\/\\\/www.vinomen.at\\\/product\\\/x-white-magnum-2\\\/#primaryimage\"},\"thumbnailUrl\":\"https:\\\/\\\/www.vinomen.at\\\/wp-content\\\/uploads\\\/2022\\\/01\\\/vinomen-4-scaled.jpg\",\"datePublished\":\"2022-01-30T19:08:02+00:00\",\"dateModified\":\"2025-12-01T18:09:42+00:00\",\"breadcrumb\":{\"@id\":\"https:\\\/\\\/www.vinomen.at\\\/product\\\/x-white-magnum-2\\\/#breadcrumb\"},\"inLanguage\":\"en-GB\",\"potentialAction\":[{\"@type\":\"ReadAction\",\"target\":[\"https:\\\/\\\/www.vinomen.at\\\/product\\\/x-white-magnum-2\\\/\"]}]},{\"@type\":\"ImageObject\",\"inLanguage\":\"en-GB\",\"@id\":\"https:\\\/\\\/www.vinomen.at\\\/product\\\/x-white-magnum-2\\\/#primaryimage\",\"url\":\"https:\\\/\\\/www.vinomen.at\\\/wp-content\\\/uploads\\\/2022\\\/01\\\/vinomen-4-scaled.jpg\",\"contentUrl\":\"https:\\\/\\\/www.vinomen.at\\\/wp-content\\\/uploads\\\/2022\\\/01\\\/vinomen-4-scaled.jpg\",\"width\":1707,\"height\":2560},{\"@type\":\"BreadcrumbList\",\"@id\":\"https:\\\/\\\/www.vinomen.at\\\/product\\\/x-white-magnum-2\\\/#breadcrumb\",\"itemListElement\":[{\"@type\":\"ListItem\",\"position\":1,\"name\":\"Home\",\"item\":\"https:\\\/\\\/www.vinomen.at\\\/\"},{\"@type\":\"ListItem\",\"position\":2,\"name\":\"Wein\",\"item\":\"https:\\\/\\\/www.vinomen.at\\\/wein\\\/\"},{\"@type\":\"ListItem\",\"position\":3,\"name\":\"X WHITE Magnum\"}]},{\"@type\":\"WebSite\",\"@id\":\"https:\\\/\\\/www.vinomen.at\\\/#website\",\"url\":\"https:\\\/\\\/www.vinomen.at\\\/\",\"name\":\"VINOMEN \u2013 MUST HAVE MAGNUM\",\"description\":\"\",\"potentialAction\":[{\"@type\":\"SearchAction\",\"target\":{\"@type\":\"EntryPoint\",\"urlTemplate\":\"https:\\\/\\\/www.vinomen.at\\\/?s={search_term_string}\"},\"query-input\":{\"@type\":\"PropertyValueSpecification\",\"valueRequired\":true,\"valueName\":\"search_term_string\"}}],\"inLanguage\":\"en-GB\"}]}<\/script>\n<!-- \/ Yoast SEO plugin. -->","yoast_head_json":{"title":"X WHITE Magnum - VINOMEN \u2013 MUST HAVE.","robots":{"index":"index","follow":"follow","max-snippet":"max-snippet:-1","max-image-preview":"max-image-preview:large","max-video-preview":"max-video-preview:-1"},"canonical":"https:\/\/www.vinomen.at\/en\/product\/x-white-magnum-2\/","og_locale":"en_GB","og_type":"article","og_title":"X WHITE Magnum - VINOMEN \u2013 MUST HAVE.","og_description":"Vinomen WHITE.  Rotgipfler 30% im kleinen franz\u00f6sischen Holz\u00a0als autochthone Rebsorte nur in der Thermenregion ans\u00e4ssig, bietet die beste Voraussetzung f\u00fcr unsere Qualit\u00e4tsanspr\u00fcche in jeglicher Hinsicht. M\u00e4chtig, kraftvoll mit eleganter S\u00e4ure und feinem Bukett.","og_url":"https:\/\/www.vinomen.at\/en\/product\/x-white-magnum-2\/","og_site_name":"VINOMEN \u2013 MUST HAVE.","article_publisher":"https:\/\/www.facebook.com\/vinomen.wine","article_modified_time":"2025-12-01T18:09:42+00:00","og_image":[{"width":1707,"height":2560,"url":"https:\/\/www.vinomen.at\/wp-content\/uploads\/2022\/01\/vinomen-4-scaled.jpg","type":"image\/jpeg"}],"twitter_card":"summary_large_image","twitter_misc":{"Estimated reading time":"2 minutes"},"schema":{"@context":"https:\/\/schema.org","@graph":[{"@type":"WebPage","@id":"https:\/\/www.vinomen.at\/product\/x-white-magnum-2\/","url":"https:\/\/www.vinomen.at\/product\/x-white-magnum-2\/","name":"X WHITE Magnum - VINOMEN \u2013 MUST HAVE.","isPartOf":{"@id":"https:\/\/www.vinomen.at\/#website"},"primaryImageOfPage":{"@id":"https:\/\/www.vinomen.at\/product\/x-white-magnum-2\/#primaryimage"},"image":{"@id":"https:\/\/www.vinomen.at\/product\/x-white-magnum-2\/#primaryimage"},"thumbnailUrl":"https:\/\/www.vinomen.at\/wp-content\/uploads\/2022\/01\/vinomen-4-scaled.jpg","datePublished":"2022-01-30T19:08:02+00:00","dateModified":"2025-12-01T18:09:42+00:00","breadcrumb":{"@id":"https:\/\/www.vinomen.at\/product\/x-white-magnum-2\/#breadcrumb"},"inLanguage":"en-GB","potentialAction":[{"@type":"ReadAction","target":["https:\/\/www.vinomen.at\/product\/x-white-magnum-2\/"]}]},{"@type":"ImageObject","inLanguage":"en-GB","@id":"https:\/\/www.vinomen.at\/product\/x-white-magnum-2\/#primaryimage","url":"https:\/\/www.vinomen.at\/wp-content\/uploads\/2022\/01\/vinomen-4-scaled.jpg","contentUrl":"https:\/\/www.vinomen.at\/wp-content\/uploads\/2022\/01\/vinomen-4-scaled.jpg","width":1707,"height":2560},{"@type":"BreadcrumbList","@id":"https:\/\/www.vinomen.at\/product\/x-white-magnum-2\/#breadcrumb","itemListElement":[{"@type":"ListItem","position":1,"name":"Home","item":"https:\/\/www.vinomen.at\/"},{"@type":"ListItem","position":2,"name":"Wein","item":"https:\/\/www.vinomen.at\/wein\/"},{"@type":"ListItem","position":3,"name":"X WHITE Magnum"}]},{"@type":"WebSite","@id":"https:\/\/www.vinomen.at\/#website","url":"https:\/\/www.vinomen.at\/","name":"VINOMEN \u2013 MUST HAVE MAGNUM","description":"","potentialAction":[{"@type":"SearchAction","target":{"@type":"EntryPoint","urlTemplate":"https:\/\/www.vinomen.at\/?s={search_term_string}"},"query-input":{"@type":"PropertyValueSpecification","valueRequired":true,"valueName":"search_term_string"}}],"inLanguage":"en-GB"}]}},"jetpack_sharing_enabled":true,"_links":{"self":[{"href":"https:\/\/www.vinomen.at\/en\/wp-json\/wp\/v2\/product\/1680","targetHints":{"allow":["GET"]}}],"collection":[{"href":"https:\/\/www.vinomen.at\/en\/wp-json\/wp\/v2\/product"}],"about":[{"href":"https:\/\/www.vinomen.at\/en\/wp-json\/wp\/v2\/types\/product"}],"replies":[{"embeddable":true,"href":"https:\/\/www.vinomen.at\/en\/wp-json\/wp\/v2\/comments?post=1680"}],"wp:featuredmedia":[{"embeddable":true,"href":"https:\/\/www.vinomen.at\/en\/wp-json\/wp\/v2\/media\/1761"}],"wp:attachment":[{"href":"https:\/\/www.vinomen.at\/en\/wp-json\/wp\/v2\/media?parent=1680"}],"wp:term":[{"taxonomy":"product_brand","embeddable":true,"href":"https:\/\/www.vinomen.at\/en\/wp-json\/wp\/v2\/product_brand?post=1680"},{"taxonomy":"product_cat","embeddable":true,"href":"https:\/\/www.vinomen.at\/en\/wp-json\/wp\/v2\/product_cat?post=1680"},{"taxonomy":"product_tag","embeddable":true,"href":"https:\/\/www.vinomen.at\/en\/wp-json\/wp\/v2\/product_tag?post=1680"}],"curies":[{"name":"wp","href":"https:\/\/api.w.org\/{rel}","templated":true}]}}